{"id":11,"date":"2017-12-19T11:14:42","date_gmt":"2017-12-19T10:14:42","guid":{"rendered":"http:\/\/formals.ufzg.hr\/?page_id=11"},"modified":"2026-04-09T10:53:29","modified_gmt":"2026-04-09T08:53:29","slug":"formals-2","status":"publish","type":"page","link":"http:\/\/formals.ufzg.hr\/","title":{"rendered":"FORMALS-2"},"content":{"rendered":"\n<p style=\"font-size:14px\">Formal systems and modeling (FORMALS-2) is a research project funded by Croatian Science Foundation (HRZZ), grant IP-2024-05-3882, for a period of 3 years, starting from December 9th, 2024.<\/p>\n\n\n\n<p style=\"font-size:14px\">The project coordinates the work of a <a href=\"https:\/\/formals.ufzg.hr\/index.php\/group\/\">research <\/a><a href=\"https:\/\/formals.ufzg.hr\/index.php\/group\/\" target=\"_blank\" rel=\"noreferrer noopener\">group<\/a> in mathematical logic and applications, formed through the previous project Formal reasoning and semantics (FORMALS, Croatian Science Foundation grant UIP-2017-05-9219), in which collaboration was established between researchers in pure and applied logic. Focus of the proposal are applications of logic in computer science and vice versa, applications of computational tools in logical and mathematical research, and applications of logic to problems of other fields (linguistics, cognitive and information sciences, social choice theory). Modal logic systems are of particular interest, since they are applied in surprisingly different areas in similar way. Modeling and formalization of problems brings conceptual clarity, confidence in proving new results and enlightens issues which often remain hidden in informal reasoning. Research group members have background in mathematics, information sciences and linguistics.<\/p>\n\n\n\n<p style=\"font-size:14px\">Project topics include:<\/p>\n\n\n\n<p style=\"font-size:14px\">1) modal logic<\/p>\n\n\n\n<p style=\"font-size:14px\">2) logical and computational aspects of social choice theory<\/p>\n\n\n\n<p style=\"font-size:14px\">3) applications to cyber-physical systems and cognitive-linguistic analysis<\/p>\n\n\n\n<p style=\"font-size:14px\">4) fundamental and interdisciplinary topics in logic and mathematics<\/p>\n\n\n\n<p style=\"font-size:14px\">Objectives include:<\/p>\n\n\n\n<p style=\"font-size:14px\">1) completeness, decidability and complexity of modal logic systems, relations between different semantics of interpretability logic<\/p>\n\n\n\n<p style=\"font-size:14px\">2) axiomatization and formalization of the notion of compromise<\/p>\n\n\n\n<p style=\"font-size:14px\">3) developing methods and tools for identification of properties of language structures<\/p>\n\n\n\n<p style=\"font-size:14px\">4) generalization of modal semantics by means of categorial logic and topos theory<\/p>\n\n\n\n<p style=\"font-size:14px\">The methodology is mathematical modeling and logical formalization of given problems, deductive research of the obtained formalization and application of its results to the starting problem. When appropriate, algorithms to solve given problems will be developed and implemented. Measurable results of the project will be research papers published in relevant international journals and presented at competitive international conferences. These results are listed below. The results of the previous project are listed <a href=\"https:\/\/formals.ufzg.hr\/index.php\/formals-1\/\" data-type=\"URL\">here<\/a>.<\/p>\n\n\n\n<h1 class=\"has-medium-font-size\" style=\"text-transform:capitalize\">Papers<\/h1>\n\n\n\n<p style=\"font-size:14px\"><strong>T. Perkov:<\/strong> <a rel=\"noreferrer noopener\" href=\"https:\/\/www.cambridge.org\/core\/journals\/mathematical-structures-in-computer-science\/article\/abs\/transformation-of-any-verbrugge-model-to-a-bisimilar-veltman-model\/1EB19E912B96D62C8F5251816296E379\" target=\"_blank\">Transformation of any Verbrugge model to a bisimilar Veltman model<\/a>, <em><a rel=\"noreferrer noopener\" href=\"https:\/\/www.cambridge.org\/core\/journals\/mathematical-structures-in-computer-science\" target=\"_blank\">Mathematical Structures in Computer Science<\/a><\/em> 35 (2025) e11, 14 pp.<\/p>\n\n\n\n<p style=\"font-size:14px\"><strong>T. Perkov:<\/strong> <a rel=\"noreferrer noopener\" href=\"https:\/\/link.springer.com\/article\/10.1007\/s11787-025-00390-6\" target=\"_blank\">Intuitive equilibriums in games like traveler&#8217;s dilemma<\/a>, <em><a rel=\"noreferrer noopener\" href=\"https:\/\/link.springer.com\/journal\/11787\" target=\"_blank\">Logica Universalis<\/a><\/em> 19 (2025) 509-516.<\/p>\n\n\n\n<p style=\"font-size:14px\"><strong>T. Ban Kirigin<\/strong>, <strong>S. Buja\u010di\u0107 Babi\u0107<\/strong>, <strong>B. Perak<\/strong>: <a rel=\"noreferrer noopener\" href=\"https:\/\/www.mdpi.com\/2227-7390\/13\/7\/1141\" target=\"_blank\">Graph-based lexical sentiment propagation algorithm<\/a>, <em><a rel=\"noreferrer noopener\" href=\"https:\/\/www.mdpi.com\/journal\/mathematics\" target=\"_blank\">Mathematics<\/a><\/em> 13:7 (2025) 1141, 27 pp.<\/p>\n\n\n\n<p style=\"font-size:14px\"><strong>P. Vukovic\u0301<\/strong>, W. Yang: <a rel=\"noreferrer noopener\" href=\"https:\/\/www.pmf.ni.ac.rs\/filomat-content\/2025\/39-9\/FILOMAT%2039-9.html\" target=\"_blank\">A unified approach to new discrete local fractional Hilbert-type inequalities<\/a>, <em><a rel=\"noreferrer noopener\" href=\"https:\/\/www.pmf.ni.ac.rs\/filomat\/\" target=\"_blank\">Filomat<\/a><\/em> 39:9 (2025) 3191-3200.<\/p>\n\n\n\n<p style=\"font-size:14px\"><strong>S. Mari\u0107<\/strong>: <a rel=\"noreferrer noopener\" href=\"https:\/\/www.mdpi.com\/2813-0405\/3\/3\/11\" target=\"_blank\">Bisimulation quotient in inquisitive modal logic<\/a>, <em><a rel=\"noreferrer noopener\" href=\"https:\/\/www.mdpi.com\/journal\/logics\" target=\"_blank\">Logics<\/a><\/em> 3:3 (2025) 11, 12 pp.<\/p>\n\n\n\n<p style=\"font-size:14px\">X. Zuo, <strong>P. Vukovi\u0107<\/strong>, W. Yang: <a href=\"https:\/\/www.aimspress.com\/article\/doi\/10.3934\/math.2025788\" target=\"_blank\" rel=\"noreferrer noopener\">Certain novel local fractional half-discrete Hilbert-type inequalities with nonhomogeneous kernels<\/a>, <em><a href=\"https:\/\/www.aimspress.com\/journal\/math\" target=\"_blank\" rel=\"noreferrer noopener\">AIMS Mathematics<\/a><\/em> 10:8 (2025) 17642-17656.<\/p>\n\n\n\n<p style=\"font-size:14px\"><strong>P. Vukovic\u0301<\/strong>: <a rel=\"noreferrer noopener\" href=\"https:\/\/armjmath.sci.am\/index.php\/ajm\/article\/view\/1372\" target=\"_blank\">Local fractional Hilbert-type inequalities with a non-homogeneous kernel<\/a>, <em><a rel=\"noreferrer noopener\" href=\"https:\/\/armjmath.sci.am\/index.php\/ajm\/index\" target=\"_blank\">Armenian Journal of Mathematics<\/a><\/em> 17:7 (2025) 1-13.<\/p>\n\n\n\n<p style=\"font-size:14px\"><strong>B. Perak<\/strong>, D. \u0160pica: <a rel=\"noreferrer noopener\" href=\"https:\/\/www.mdpi.com\/2673-9585\/5\/4\/24\" target=\"_blank\">Automating lexical graph construction with large language models: a scalable approach to Japanese multi\u2011relation lexical networks<\/a>, <em><a rel=\"noreferrer noopener\" href=\"https:\/\/www.mdpi.com\/journal\/knowledge\" target=\"_blank\">Knowledge<\/a><\/em> 5:4 (2025) 24, 27 pp.<\/p>\n\n\n\n<p style=\"font-size:14px\"><strong>S. Mari\u0107, T. Perkov:<\/strong> <a rel=\"noreferrer noopener\" href=\"https:\/\/rml.tcs.uj.edu.pl\/rml-60\/cont-60.htm\" target=\"_blank\">Selection method for inquisitive modal logic<\/a>, <em><a rel=\"noreferrer noopener\" href=\"https:\/\/rml.tcs.uj.edu.pl\/\" target=\"_blank\">Reports on Mathematical Logic<\/a><\/em> 60 (2025) 3-22.<\/p>\n\n\n\n<p style=\"font-size:14px\"><strong>M. Orli\u0107 Bachler<\/strong>: <a rel=\"noreferrer noopener\" href=\"https:\/\/hrcak.srce.hr\/en\/341601\" target=\"_blank\">On Fuss\u2019 relations for bicentric polygons with an odd number of vertices<\/a>, <em><a rel=\"noreferrer noopener\" href=\"https:\/\/master.grad.hr\/hdgg\/kog_stranica\/\" target=\"_blank\">KoG<\/a><\/em> 29 (2026) 22-39.<\/p>\n\n\n\n<p style=\"font-size:14px\"><strong>T. \u0160estak:<\/strong> <a rel=\"noreferrer noopener\" href=\"https:\/\/link.springer.com\/article\/10.1007\/s10849-026-09460-4\" target=\"_blank\">Algebraic semantics for interpretability logics<\/a>, <em><a rel=\"noreferrer noopener\" href=\"https:\/\/link.springer.com\/journal\/10849\" target=\"_blank\">Journal of Logic, Language and Information<\/a><\/em> (2026) online first<\/p>\n\n\n\n<p style=\"font-size:14px\"><strong>T. Ban Kirigin<\/strong>, J. Comer, M. Kanovich, A. Scedrov, C. Talcott: <a rel=\"noreferrer noopener\" href=\"https:\/\/www.sciencedirect.com\/science\/article\/pii\/S2352220826000167\" target=\"_blank\">Verification of time-bounded multiset rewriting properties<\/a>, <em><a rel=\"noreferrer noopener\" href=\"https:\/\/www.sciencedirect.com\/journal\/journal-of-logical-and-algebraic-methods-in-programming\" target=\"_blank\">Journal of Logical and Algebraic Methods in Programming<\/a><\/em> 150 (2026) 101124, 30 pp.<\/p>\n\n\n\n<p class=\"has-white-color has-text-color\" style=\"font-size:10px\"> a<\/p>\n\n\n\n<h1 class=\"has-medium-font-size\">Presentations<\/h1>\n\n\n\n<p style=\"font-size:14px\"><strong>Z. \u0160iki\u0107:<\/strong> On Tarski&#8217;s two concepts of logical consequence, <a href=\"https:\/\/sites.google.com\/view\/zlc25\" target=\"_blank\" rel=\"noreferrer noopener\">Zagreb Logic Conference<\/a> (ZLC 2025), Zagreb, 14-17 February 2025.<\/p>\n\n\n\n<p style=\"font-size:14px\"><strong>T. Adle\u0161i\u0107:<\/strong> New Foundations and the foundations of mathematics, <a rel=\"noreferrer noopener\" href=\"https:\/\/sites.google.com\/view\/zlc25\" target=\"_blank\">Zagreb Logic Conference<\/a> (ZLC 2025), Zagreb, 14-17 February 2025.<\/p>\n\n\n\n<p style=\"font-size:14px\"><strong>T. \u0160estak, T. Perkov:<\/strong> General frame semantics for interpretability logics, <a rel=\"noreferrer noopener\" href=\"https:\/\/sites.google.com\/view\/zlc25\" target=\"_blank\">Zagreb Logic Conference<\/a> (ZLC 2025), Zagreb, 14-17 February 2025. <\/p>\n\n\n\n<p style=\"font-size:14px\"><strong>P. Vukovi\u0107:<\/strong> Local fractional Hilbert-type inequalities, <a rel=\"noreferrer noopener\" href=\"https:\/\/iccma.selcuk.edu.tr\/\" target=\"_blank\">3rd International Conference: Constructive Mathematical Analysis<\/a> (ICCMA 2025), Konya, 2-5 July 2025.<\/p>\n\n\n\n<p style=\"font-size:14px\"><strong>T. Adle\u0161i\u0107<\/strong>,<strong> <\/strong>V. \u010ca\u010di\u0107: Boolean-valued models in New Foundations with Urelements, <a rel=\"noreferrer noopener\" href=\"https:\/\/www.colloquium.co\/lc2025\" target=\"_blank\">Logic Colloquium<\/a>, Vienna, 7-11 July 2025. <\/p>\n\n\n\n<p style=\"font-size:14px\"><strong>T. \u0160estak:<\/strong> Algebraic semantics for interpretability logics, <a rel=\"noreferrer noopener\" href=\"https:\/\/2025.esslli.eu\/\" target=\"_blank\">European Summer School in Logic, Language and Information<\/a> (ESSLLI 2025) <a rel=\"noreferrer noopener\" href=\"https:\/\/2025.esslli.eu\/courses-workshops-accepted\/student-session-call.html\" target=\"_blank\">Student Session<\/a>, Bochum, 28 July &#8211; 8 August 2025. <\/p>\n\n\n\n<p style=\"font-size:14px\"><strong>M. Orli\u0107 Bachler<\/strong>, Z. Kaliman: On Fuss\u2019 relations for bicentric polygons with an odd number of vertices, <a rel=\"noreferrer noopener\" href=\"https:\/\/www.hdgg.hr\/Cakovec\/\" target=\"_blank\">25th Scientific-Professional Colloquium on Geometry and Graphics<\/a>, \u010cakovec, 7-11 September 2025.<\/p>\n\n\n\n<p style=\"font-size:14px\"><strong>T. Adle\u0161i\u0107:<\/strong> The axioms of Frege and Zermelo, <a href=\"https:\/\/www.hs-wismar.de\/en\/frege-2025\/\" target=\"_blank\" rel=\"noreferrer noopener\">4th International Gottlob Frege Conference<\/a>, Wismar, 15-20 September 2025.<\/p>\n\n\n\n<p style=\"font-size:14px\"><strong>S. Buja\u010di\u0107 Babi\u0107, T. Ban Kirigin:<\/strong> Interpretable vs. learnable centrality: combining SLI and neural networks, <a rel=\"noreferrer noopener\" href=\"https:\/\/lap.math.hr\/LAP2025\/\" target=\"_blank\">Logic and Applications<\/a> (LAP 2025), Dubrovnik, 24-28 September 2025.<\/p>\n\n\n\n<p style=\"font-size:14px\">J. Comer, <strong>T. Ban Kirigin<\/strong>, M. Kanovich, A. Scedrov, C. Talcott: Computational complexity of some time-bounded verification problems, <a rel=\"noreferrer noopener\" href=\"https:\/\/lap.math.hr\/LAP2025\/\" target=\"_blank\">Logic and Applications<\/a> (LAP 2025), Dubrovnik, 24-28 September 2025.<\/p>\n\n\n\n<p style=\"font-size:14px\"><strong>S. Mari\u0107:<\/strong> Finite model property and decidability of inquisitive neighborhood logic, <a rel=\"noreferrer noopener\" href=\"https:\/\/lap.math.hr\/LAP2025\/\" target=\"_blank\">Logic and Applications<\/a> (LAP 2025), Dubrovnik, 24-28 September 2025.<\/p>\n\n\n\n<p style=\"font-size:14px\"><strong>T. Adle\u0161i\u0107:<\/strong> New Foundations and strongly Cantorian sets, <a rel=\"noreferrer noopener\" href=\"https:\/\/lap.math.hr\/LAP2025\/\" target=\"_blank\">Logic and Applications<\/a> (LAP 2025), Dubrovnik, 24-28 September 2025.<\/p>\n\n\n\n<p style=\"font-size:14px\"><strong>T. \u0160estak:<\/strong> Algebraic semantics for interpretability logics, <a rel=\"noreferrer noopener\" href=\"https:\/\/lap.math.hr\/LAP2025\/\" target=\"_blank\">Logic and Applications<\/a> (LAP 2025), Dubrovnik, 24-28 September 2025.<\/p>\n\n\n\n<p style=\"font-size:14px\"><strong>A. Hatzivelkos:<\/strong> Reducing the dimensionality of social choice domains through symmetry invariance, <a rel=\"noreferrer noopener\" href=\"https:\/\/ieee.elecs.org\/\" target=\"_blank\">3rd International Conference on Electronics, Energy, Environment and Computer Science<\/a> (ICELECS 2025), Santorini, 31 October &#8211; 2 November 2025.<\/p>\n\n\n\n<p style=\"font-size:14px\"><strong>P. Vukovi\u0107:<\/strong> Hilbert-type inequalities obtained via local fractional calculus, <a rel=\"noreferrer noopener\" href=\"https:\/\/www.sharjah.ac.ae\/Conferences\/SICMS26\" target=\"_blank\">2nd Sharjah International Conference on Mathematical Sciences<\/a> (SICMS 2026), Dubai, 14-15 January 2026.<\/p>\n\n\n\n<p style=\"font-size:14px\"><strong>Z. \u0160iki\u0107:<\/strong> On Newcomb&#8217;s problem, <a href=\"https:\/\/zlc.math.hr\/\" target=\"_blank\" rel=\"noreferrer noopener\">Zagreb Logic Conference<\/a> (ZLC 2026), Zagreb, 13-16 February 2026.<\/p>\n\n\n\n<p style=\"font-size:14px\"><strong>T. \u0160estak:<\/strong> A formal system of dialectics, <a rel=\"noreferrer noopener\" href=\"https:\/\/zlc.math.hr\/\" target=\"_blank\">Zagreb Logic Conference<\/a> (ZLC 2026), Zagreb, 13-16 February 2026.<\/p>\n\n\n\n<p class=\"has-white-color has-text-color\" style=\"font-size:10px\"> a<\/p>\n\n\n\n<h1 class=\"has-medium-font-size\">Prizes<\/h1>\n\n\n\n<p style=\"font-size:14px\"><strong>T. \u0160estak<\/strong> was awarded the prize for the best oral presentation for the talk <em>Algebraic semantics for interpretability logics<\/em> at <a rel=\"noreferrer noopener\" href=\"https:\/\/2025.esslli.eu\/\" target=\"_blank\">European Summer School in Logic, Language and Information<\/a> (ESSLLI 2025) <a rel=\"noreferrer noopener\" href=\"https:\/\/2025.esslli.eu\/courses-workshops-accepted\/student-session-call.html\" target=\"_blank\">Student Session<\/a> in Bochum, 28 July &#8211; 8 August 2025.<\/p>\n\n\n\n<p style=\"font-size:14px\"><strong>T. Perkov<\/strong> was awarded the Georgius Benignus Logic Prize for 2025 by Croatian Logic Association for the paper <em>Intuitive equilibriums in games like traveler\u2019s dilemma<\/em>, to represent Croatia at the <a rel=\"noreferrer noopener\" href=\"https:\/\/sites.google.com\/view\/unilog2025\/logic-prizes\" target=\"_blank\">World logic Prizes Contest<\/a> during the <a rel=\"noreferrer noopener\" href=\"https:\/\/sites.google.com\/view\/unilog2025\/\" target=\"_blank\">8th World Congress<\/a><a rel=\"noreferrer noopener\" href=\"https:\/\/sites.google.com\/view\/unilog2025\/\" target=\"_blank\"> <\/a><a rel=\"noreferrer noopener\" href=\"https:\/\/sites.google.com\/view\/unilog2025\/\" target=\"_blank\">a<\/a><a rel=\"noreferrer noopener\" href=\"https:\/\/sites.google.com\/view\/unilog2025\/\" target=\"_blank\">n<\/a><a rel=\"noreferrer noopener\" href=\"https:\/\/sites.google.com\/view\/unilog2025\/\" target=\"_blank\">d<\/a><a rel=\"noreferrer noopener\" href=\"https:\/\/sites.google.com\/view\/unilog2025\/\" target=\"_blank\"> <\/a><a rel=\"noreferrer noopener\" href=\"https:\/\/sites.google.com\/view\/unilog2025\/\" target=\"_blank\">S<\/a><a rel=\"noreferrer noopener\" href=\"https:\/\/sites.google.com\/view\/unilog2025\/\" target=\"_blank\">c<\/a><a rel=\"noreferrer noopener\" href=\"https:\/\/sites.google.com\/view\/unilog2025\/\" target=\"_blank\">h<\/a><a rel=\"noreferrer noopener\" href=\"https:\/\/sites.google.com\/view\/unilog2025\/\" target=\"_blank\">o<\/a><a rel=\"noreferrer noopener\" href=\"https:\/\/sites.google.com\/view\/unilog2025\/\" target=\"_blank\">o<\/a><a rel=\"noreferrer noopener\" href=\"https:\/\/sites.google.com\/view\/unilog2025\/\" target=\"_blank\">l<\/a><a rel=\"noreferrer noopener\" href=\"https:\/\/sites.google.com\/view\/unilog2025\/\" target=\"_blank\"> on Universal Logic<\/a> (UNILOG 2025) in Cusco, 4-14 December 2025. The paper is published in <a rel=\"noreferrer noopener\" href=\"https:\/\/link.springer.com\/journal\/11787\" target=\"_blank\"><em>Logica Universalis<\/em><\/a>.<\/p>\n\n\n\n<p style=\"font-size:14px\"><\/p>\n\n\n\n<p style=\"font-size:14px\"><\/p>\n\n\n\n<p style=\"font-size:14px\"><\/p>\n\n\n\n<p style=\"font-size:14px\"><\/p>\n\n\n\n<p><\/p>\n\n\n\n<p><\/p>\n\n\n\n<p><\/p>\n\n\n\n<p><\/p>\n","protected":false},"excerpt":{"rendered":"<p>Formal systems and modeling (FORMALS-2) is a research project funded by Croatian Science Foundation (HRZZ), grant IP-2024-05-3882, for a period of 3 years, starting from December 9th, 2024. The project coordinates the work of a research group in mathematical logic and applications, formed through the previous project Formal reasoning and semantics (FORMALS, Croatian Science Foundation grant UIP-2017-05-9219), in which collaboration was established between researchers in pure and applied logic. Focus of the proposal are applications of logic in computer science and vice versa, applications of computational tools in logical and mathematical research, and applications of logic to problems of other fields (linguistics, cognitive and information sciences, social choice theory). Modal logic systems are of particular interest, since they are applied in surprisingly different areas in similar way. Modeling and formalization of problems brings conceptual clarity, confidence in proving new results and enlightens issues which often remain hidden in informal reasoning. Research group members have background in mathematics, information sciences and linguistics. Project topics include: 1) modal logic 2) logical and computational aspects of social choice theory 3) applications to cyber-physical systems and cognitive-linguistic analysis 4) fundamental and interdisciplinary topics in logic and mathematics Objectives include: 1) completeness, decidability and complexity of modal logic systems, relations between different semantics of interpretability logic 2) axiomatization and formalization of the notion of compromise 3) developing methods and tools for identification of properties of language structures 4) generalization of modal semantics by means of categorial logic and topos theory The methodology is mathematical modeling and logical formalization of given problems, deductive research of the obtained formalization and application of its results to the starting problem. When appropriate, algorithms to solve given problems will be developed and implemented. Measurable results of the project will be research papers published in relevant international journals and presented at competitive international conferences. These results are listed below. The results of the previous project are listed here. Papers T. Perkov: Transformation of any Verbrugge model to a bisimilar Veltman model, Mathematical Structures in Computer Science 35 (2025) e11, 14 pp. T. Perkov: Intuitive equilibriums in games like traveler&#8217;s dilemma, Logica Universalis 19 (2025) 509-516. T. Ban Kirigin, S. Buja\u010di\u0107 Babi\u0107, B. Perak: Graph-based lexical sentiment propagation algorithm, Mathematics 13:7 (2025) 1141, 27 pp. P. Vukovic\u0301, W. Yang: A unified approach to new discrete local fractional Hilbert-type inequalities, Filomat 39:9 (2025) 3191-3200. S. Mari\u0107: Bisimulation quotient in inquisitive modal logic, Logics 3:3 (2025) 11, 12 pp. X. Zuo, P. Vukovi\u0107, W. Yang: Certain novel local fractional half-discrete Hilbert-type inequalities with nonhomogeneous kernels, AIMS Mathematics 10:8 (2025) 17642-17656. P. Vukovic\u0301: Local fractional Hilbert-type inequalities with a non-homogeneous kernel, Armenian Journal of Mathematics 17:7 (2025) 1-13. B. Perak, D. \u0160pica: Automating lexical graph construction with large language models: a scalable approach to Japanese multi\u2011relation lexical networks, Knowledge 5:4 (2025) 24, 27 pp. S. Mari\u0107, T. Perkov: Selection method for inquisitive modal logic, Reports on Mathematical Logic 60 (2025) 3-22. M. Orli\u0107 Bachler: On Fuss\u2019 relations for bicentric polygons with an odd number of vertices, KoG 29 (2026) 22-39. T. \u0160estak: Algebraic semantics for interpretability logics, Journal of Logic, Language and Information (2026) online first T. Ban Kirigin, J. Comer, M. Kanovich, A. Scedrov, C. Talcott: Verification of time-bounded multiset rewriting properties, Journal of Logical and Algebraic Methods in Programming 150 (2026) 101124, 30 pp. a Presentations Z. \u0160iki\u0107: On Tarski&#8217;s two concepts of logical consequence, Zagreb Logic Conference (ZLC 2025), Zagreb, 14-17 February 2025. T. Adle\u0161i\u0107: New Foundations and the foundations of mathematics, Zagreb Logic Conference (ZLC 2025), Zagreb, 14-17 February 2025. T. \u0160estak, T. Perkov: General frame semantics for interpretability logics, Zagreb Logic Conference (ZLC 2025), Zagreb, 14-17 February 2025. P. Vukovi\u0107: Local fractional Hilbert-type inequalities, 3rd International Conference: Constructive Mathematical Analysis (ICCMA 2025), Konya, 2-5 July 2025. T. Adle\u0161i\u0107, V. \u010ca\u010di\u0107: Boolean-valued models in New Foundations with Urelements, Logic Colloquium, Vienna, 7-11 July 2025. T. \u0160estak: Algebraic semantics for interpretability logics, European Summer School in Logic, Language and Information (ESSLLI 2025) Student Session, Bochum, 28 July &#8211; 8 August 2025. M. Orli\u0107 Bachler, Z. Kaliman: On Fuss\u2019 relations for bicentric polygons with an odd number of vertices, 25th Scientific-Professional Colloquium on Geometry and Graphics, \u010cakovec, 7-11 September 2025. T. Adle\u0161i\u0107: The axioms of Frege and Zermelo, 4th International Gottlob Frege Conference, Wismar, 15-20 September 2025. S. Buja\u010di\u0107 Babi\u0107, T. Ban Kirigin: Interpretable vs. learnable centrality: combining SLI and neural networks, Logic and Applications (LAP 2025), Dubrovnik, 24-28 September 2025. J. Comer, T. Ban Kirigin, M. Kanovich, A. Scedrov, C. Talcott: Computational complexity of some time-bounded verification problems, Logic and Applications (LAP 2025), Dubrovnik, 24-28 September 2025. S. Mari\u0107: Finite model property and decidability of inquisitive neighborhood logic, Logic and Applications (LAP 2025), Dubrovnik, 24-28 September 2025. T. Adle\u0161i\u0107: New Foundations and strongly Cantorian sets, Logic and Applications (LAP 2025), Dubrovnik, 24-28 September 2025. T. \u0160estak: Algebraic semantics for interpretability logics, Logic and Applications (LAP 2025), Dubrovnik, 24-28 September 2025. A. Hatzivelkos: Reducing the dimensionality of social choice domains through symmetry invariance, 3rd International Conference on Electronics, Energy, Environment and Computer Science (ICELECS 2025), Santorini, 31 October &#8211; 2 November 2025. P. Vukovi\u0107: Hilbert-type inequalities obtained via local fractional calculus, 2nd Sharjah International Conference on Mathematical Sciences (SICMS 2026), Dubai, 14-15 January 2026. Z. \u0160iki\u0107: On Newcomb&#8217;s problem, Zagreb Logic Conference (ZLC 2026), Zagreb, 13-16 February 2026. T. \u0160estak: A formal system of dialectics, Zagreb Logic Conference (ZLC 2026), Zagreb, 13-16 February 2026. a Prizes T. \u0160estak was awarded the prize for the best oral presentation for the talk Algebraic semantics for interpretability logics at European Summer School in Logic, Language and Information (ESSLLI 2025) Student Session in Bochum, 28 July &#8211; 8 August 2025. T. Perkov was awarded the Georgius Benignus Logic Prize for 2025 by Croatian Logic Association for the paper Intuitive equilibriums in games like traveler\u2019s dilemma, to represent Croatia at the World logic Prizes Contest during the 8th World Congress and School on Universal Logic (UNILOG 2025) in Cusco, 4-14 December 2025. The paper is published in Logica [&hellip;]<\/p>\n","protected":false},"author":2,"featured_media":0,"parent":0,"menu_order":0,"comment_status":"closed","ping_status":"closed","template":"","meta":[],"_links":{"self":[{"href":"http:\/\/formals.ufzg.hr\/index.php\/wp-json\/wp\/v2\/pages\/11"}],"collection":[{"href":"http:\/\/formals.ufzg.hr\/index.php\/wp-json\/wp\/v2\/pages"}],"about":[{"href":"http:\/\/formals.ufzg.hr\/index.php\/wp-json\/wp\/v2\/types\/page"}],"author":[{"embeddable":true,"href":"http:\/\/formals.ufzg.hr\/index.php\/wp-json\/wp\/v2\/users\/2"}],"replies":[{"embeddable":true,"href":"http:\/\/formals.ufzg.hr\/index.php\/wp-json\/wp\/v2\/comments?post=11"}],"version-history":[{"count":176,"href":"http:\/\/formals.ufzg.hr\/index.php\/wp-json\/wp\/v2\/pages\/11\/revisions"}],"predecessor-version":[{"id":736,"href":"http:\/\/formals.ufzg.hr\/index.php\/wp-json\/wp\/v2\/pages\/11\/revisions\/736"}],"wp:attachment":[{"href":"http:\/\/formals.ufzg.hr\/index.php\/wp-json\/wp\/v2\/media?parent=11"}],"curies":[{"name":"wp","href":"https:\/\/api.w.org\/{rel}","templated":true}]}}