{"id":88,"date":"2018-01-11T15:35:56","date_gmt":"2018-01-11T14:35:56","guid":{"rendered":"http:\/\/formals.ufzg.hr\/?page_id=88"},"modified":"2026-03-27T12:27:30","modified_gmt":"2026-03-27T11:27:30","slug":"group","status":"publish","type":"page","link":"http:\/\/formals.ufzg.hr\/index.php\/group\/","title":{"rendered":"Research group"},"content":{"rendered":"\n<p style=\"font-size:14px\"><a href=\"https:\/\/formals.ufzg.hr\/index.php\/tin-perkov\/\">Tin Perkov<\/a><\/p>\n\n\n\n<p style=\"font-size:14px\"><a href=\"https:\/\/www.pmf.unizg.hr\/math\/djelatnici\/vukovic\" target=\"_blank\" rel=\"noreferrer noopener\">Mladen Vukovi\u0107<\/a><\/p>\n\n\n\n<p style=\"font-size:14px\"><a href=\"https:\/\/sikic.wordpress.com\/about\/\" target=\"_blank\" rel=\"noreferrer noopener\">Zvonimir \u0160iki\u0107<\/a><\/p>\n\n\n\n<p style=\"font-size:14px\">Predrag Vukovi\u0107<\/p>\n\n\n\n<p style=\"font-size:14px\">Tajana Ban Kirigin<\/p>\n\n\n\n<p style=\"font-size:14px\">Marko Horvat<\/p>\n\n\n\n<p style=\"font-size:14px\">Marcel Mareti\u0107<\/p>\n\n\n\n<p style=\"font-size:14px\">Sebastijan Horvat<\/p>\n\n\n\n<p style=\"font-size:14px\">Luka Mikec<\/p>\n\n\n\n<p style=\"font-size:14px\">Mandi Orli\u0107 Bachler<\/p>\n\n\n\n<p style=\"font-size:14px\">Aleksandar Hatzivelkos<\/p>\n\n\n\n<p style=\"font-size:14px\">Tin Adle\u0161i\u0107<\/p>\n\n\n\n<p style=\"font-size:14px\">Stipe Mari\u0107<\/p>\n\n\n\n<p style=\"font-size:14px\">Teo \u0160estak<\/p>\n\n\n\n<p style=\"font-size:14px\">Sanda Buja\u010di\u0107 Babi\u0107<\/p>\n\n\n\n<p style=\"font-size:14px\">Benedikt Perak<\/p>\n\n\n\n<p style=\"font-size:14px\">Helena Marciu\u0161<\/p>\n","protected":false},"excerpt":{"rendered":"<p>Tin Perkov Mladen Vukovi\u0107 Zvonimir \u0160iki\u0107 Predrag Vukovi\u0107 Tajana Ban Kirigin Marko Horvat Marcel Mareti\u0107 Sebastijan Horvat Luka Mikec Mandi Orli\u0107 Bachler Aleksandar Hatzivelkos Tin Adle\u0161i\u0107 Stipe Mari\u0107 Teo \u0160estak Sanda Buja\u010di\u0107 Babi\u0107 Benedikt Perak Helena Marciu\u0161<\/p>\n","protected":false},"author":2,"featured_media":0,"parent":0,"menu_order":0,"comment_status":"closed","ping_status":"closed","template":"","meta":[],"_links":{"self":[{"href":"http:\/\/formals.ufzg.hr\/index.php\/wp-json\/wp\/v2\/pages\/88"}],"collection":[{"href":"http:\/\/formals.ufzg.hr\/index.php\/wp-json\/wp\/v2\/pages"}],"about":[{"href":"http:\/\/formals.ufzg.hr\/index.php\/wp-json\/wp\/v2\/types\/page"}],"author":[{"embeddable":true,"href":"http:\/\/formals.ufzg.hr\/index.php\/wp-json\/wp\/v2\/users\/2"}],"replies":[{"embeddable":true,"href":"http:\/\/formals.ufzg.hr\/index.php\/wp-json\/wp\/v2\/comments?post=88"}],"version-history":[{"count":16,"href":"http:\/\/formals.ufzg.hr\/index.php\/wp-json\/wp\/v2\/pages\/88\/revisions"}],"predecessor-version":[{"id":735,"href":"http:\/\/formals.ufzg.hr\/index.php\/wp-json\/wp\/v2\/pages\/88\/revisions\/735"}],"wp:attachment":[{"href":"http:\/\/formals.ufzg.hr\/index.php\/wp-json\/wp\/v2\/media?parent=88"}],"curies":[{"name":"wp","href":"https:\/\/api.w.org\/{rel}","templated":true}]}}